{"id":150,"date":"2026-03-12T13:39:45","date_gmt":"2026-03-12T12:39:45","guid":{"rendered":"https:\/\/flowpaie.fr\/?page_id=150"},"modified":"2026-03-12T13:55:56","modified_gmt":"2026-03-12T12:55:56","slug":"contact","status":"publish","type":"page","link":"https:\/\/flowpaie.fr\/index.php\/contact\/","title":{"rendered":"Contact"},"content":{"rendered":"<div class=\"et_pb_section_0 et_pb_section et_section_specialty et_pb_gutters3 et_block_section\"><div class=\"et_pb_row et_block_row\">\n<div class=\"et_pb_column_0 et_pb_column et_pb_column_single et_pb_column_1_2 et_block_column et_pb_css_mix_blend_mode_passthrough\">\n<div class=\"et_pb_text_0 et_pb_text et_pb_bg_layout_light et_pb_module et_block_module\"><div class=\"et_pb_text_inner\"><h1>Contact commercial<\/h1>\n<p>Vous souhaitez en savoir plus sur FlowPay, d\u00e9couvrir nos fonctionnalit\u00e9s ou obtenir des informations sur nos offres ?<\/p>\n<p>Notre \u00e9quipe commerciale est \u00e0 votre disposition pour vous accompagner dans votre projet.<\/p>\n<p>Vous pouvez nous contacter pour :<br \/>\u2022 toute demande d\u2019information sur la plateforme FlowPay<br \/>\u2022 une pr\u00e9sentation ou d\u00e9monstration de la solution<br \/>\u2022 des questions sur les tarifs et les abonnements<br \/>\u2022 des demandes de devis ou d\u2019accompagnement avant mise en place<br \/>\u2022 des questions administratives ou li\u00e9es \u00e0 la facturation<\/p>\n<p>Nous vous r\u00e9pondrons dans les meilleurs d\u00e9lais afin de vous aider \u00e0 trouver la solution la plus adapt\u00e9e \u00e0 votre organisation.<\/p>\n<\/div><\/div>\n\n<div class=\"et_pb_blurb_0 et_pb_blurb et_pb_bg_layout_dark et_pb_text_align_center et_pb_blurb_position_left et_pb_module et_block_module\"><div class=\"et_pb_blurb_content\"><div class=\"et_pb_main_blurb_image\"><span class=\"et_pb_image_wrap\"><span class=\"et-pb-icon et-waypoint et_pb_animation_off et_pb_animation_off_tablet et_pb_animation_off_phone\">\ue076<\/span><\/span><\/div><div class=\"et_pb_blurb_container\"><h4 class=\"et_pb_module_header\">Email<\/h4><div class=\"et_pb_blurb_description\"><p>contact@flowpaie.fr<\/p>\n<\/div><\/div><\/div><\/div>\n\n<div class=\"et_pb_blurb_1 et_pb_blurb et_pb_bg_layout_dark et_pb_text_align_center et_pb_blurb_position_left et_pb_module et_block_module\"><div class=\"et_pb_blurb_content\"><div class=\"et_pb_main_blurb_image\"><span class=\"et_pb_image_wrap\"><span class=\"et-pb-icon et-waypoint et_pb_animation_off et_pb_animation_off_tablet et_pb_animation_off_phone\">\uf5a0<\/span><\/span><\/div><div class=\"et_pb_blurb_container\"><div class=\"et_pb_blurb_description\"><p>Nos locaux et personnels sont tous bas\u00e9s en france<\/p>\n<\/div><\/div><\/div><\/div>\n<\/div>\n\n<div class=\"et_pb_column_1 et_pb_column et_pb_specialty_column et_pb_column_1_2 et-last-child et_block_column et_pb_css_mix_blend_mode_passthrough\">\n<div class=\"et_pb_row_inner_0 et_pb_row_inner et_block_row\">\n<div class=\"et_pb_column_inner_0 et_pb_column_inner et_pb_column et_pb_column_4_4 et-last-child et_block_column et_pb_css_mix_blend_mode_passthrough\">\n<div class=\"et_pb_contact_form_0 et_pb_contact_form_container clearfix et_pb_recaptcha_enabled et_pb_module et_flex_module\" data-form_unique_num=\"0\" data-form_unique_id=\"7067d836e5cc6b8d0df5f1ee01accc26\" id=\"et_pb_contact_form_0\"><div class=\"et-pb-contact-message\"><\/div><div class=\"et_pb_contact\"><form class=\"et_pb_contact_form et_flex_module\" method=\"post\" action=\"https:\/\/flowpaie.fr\/index.php\/wp-json\/wp\/v2\/pages\/150\">\n<div class=\"et_pb_contact_field_0 et_pb_contact_field et_pb_module et_flex_module et_flex_column_24_24 et_flex_column_24_24_tablet et_flex_column_24_24_phone\" data-id=\"nom\" data-type=\"input\"><label class=\"et_pb_contact_form_label\" for=\"et_pb_contact_0_nom_0\">Nom et pr\u00e9nom<\/label><input type=\"text\" name=\"et_pb_contact_0_nom_0\" id=\"et_pb_contact_0_nom_0\" class=\"input\" data-required_mark=\"required\" data-field_type=\"input\" data-original_id=\"nom\" placeholder=\"Nom et pr\u00e9nom\" pattern=\"[A-Za-z\\s\\-]{3,50}\" title=\"Seules les lettres sont autoris\u00e9es.Longueur minimale : 3 caract\u00e8res. Longueur maximale : 50 caract\u00e8res.\" maxlength=\"50\" value=\"\" \/><\/div>\n\n<div class=\"et_pb_contact_field_1 et_pb_contact_field et_pb_module et_flex_module et_flex_column_24_24 et_flex_column_24_24_tablet et_flex_column_24_24_phone\" data-id=\"societe\" data-type=\"input\"><label class=\"et_pb_contact_form_label\" for=\"et_pb_contact_0_societe_1\">Soci\u00e9t\u00e9<\/label><input type=\"text\" name=\"et_pb_contact_0_societe_1\" id=\"et_pb_contact_0_societe_1\" class=\"input\" data-required_mark=\"not_required\" data-field_type=\"input\" data-original_id=\"societe\" placeholder=\"Soci\u00e9t\u00e9\" pattern=\".{3,30}\" title=\"Longueur minimale : 3 caract\u00e8res. Longueur maximale : 30 caract\u00e8res.\" maxlength=\"30\" value=\"\" \/><\/div>\n\n<div class=\"et_pb_contact_field_2 et_pb_contact_field et_pb_module et_flex_module et_flex_column_24_24 et_flex_column_24_24_tablet et_flex_column_24_24_phone\" data-id=\"email\" data-type=\"email\"><label class=\"et_pb_contact_form_label\" for=\"et_pb_contact_0_email_2\">Adresse \u00e9lectronique<\/label><input type=\"text\" name=\"et_pb_contact_0_email_2\" id=\"et_pb_contact_0_email_2\" class=\"input\" data-required_mark=\"required\" data-field_type=\"email\" data-original_id=\"email\" placeholder=\"Adresse \u00e9lectronique\" title=\"\" value=\"\" \/><\/div>\n\n<div class=\"et_pb_contact_field_3 et_pb_contact_field et_pb_module et_flex_module et_flex_column_24_24 et_flex_column_24_24_tablet et_flex_column_24_24_phone\" data-id=\"telephone\" data-type=\"input\"><label class=\"et_pb_contact_form_label\" for=\"et_pb_contact_0_telephone_3\">T\u00e9l\u00e9phone (Portable si possible)<\/label><input type=\"text\" name=\"et_pb_contact_0_telephone_3\" id=\"et_pb_contact_0_telephone_3\" class=\"input\" data-required_mark=\"required\" data-field_type=\"input\" data-original_id=\"telephone\" placeholder=\"T\u00e9l\u00e9phone (Portable si possible)\" pattern=\"[0-9\\s\\-]{8,20}\" title=\"Seuls les chiffres sont autoris\u00e9s.Longueur minimale : 8 caract\u00e8res. Longueur maximale : 20 caract\u00e8res.\" maxlength=\"20\" value=\"\" \/><\/div>\n\n<div class=\"et_pb_contact_field_4 et_pb_contact_field et_pb_module et_flex_module et_flex_column_24_24 et_flex_column_24_24_tablet et_flex_column_24_24_phone\" data-id=\"message\" data-type=\"text\"><label class=\"et_pb_contact_form_label\" for=\"et_pb_contact_0_message_4\">Votre message<\/label><textarea name=\"et_pb_contact_0_message_4\" id=\"et_pb_contact_0_message_4\" class=\"et_pb_contact_message input\" data-required_mark=\"required\" data-field_type=\"text\" data-original_id=\"message\" placeholder=\"Votre message\"><\/textarea><\/div>\n<input type=\"hidden\" name=\"et_pb_contactform_submit_7067d836e5cc6b8d0df5f1ee01accc26\" value=\"et_contact_proccess\" \/><div class=\"et_contact_bottom_container\"><div class=\"et_pb_button_wrapper\"><button type=\"submit\" name=\"et_builder_submit_button\" class=\"et_pb_button et_pb_contact_submit\">Envoyer au commercial<\/button><\/div><\/div><input type=\"hidden\" id=\"_wpnonce-et-pb-contact-form-submitted-7067d836e5cc6b8d0df5f1ee01accc26\" name=\"_wpnonce-et-pb-contact-form-submitted-7067d836e5cc6b8d0df5f1ee01accc26\" value=\"3f761adaa7\" \/><input type=\"hidden\" name=\"_wp_http_referer\" value=\"\/index.php\/wp-json\/wp\/v2\/pages\/150\" \/><\/form><\/div><\/div>\n<\/div>\n<\/div>\n<\/div>\n<\/div><\/div>\n\n<div class=\"et_pb_section_1 et_pb_section et_section_regular et_block_section\">\n<div class=\"et_pb_row_0 et_pb_row et_block_row\">\n<div class=\"et_pb_column_2 et_pb_column et_pb_column_1_2 et_block_column et_pb_css_mix_blend_mode_passthrough\">\n<div class=\"et_pb_text_1 et_pb_text et_pb_bg_layout_light et_pb_module et_block_module\"><div class=\"et_pb_text_inner\"><h2>Support<\/h2>\n<h3>Contact Our World Class Support Team 24\/7<\/h3>\n<p>Vivamus suscipit tortor eget felis porttitor volutpat. Quisque velit nisi, pretium ut lacinia in, elementum id enim. Sed porttitor lectus nibh. Vestibulum ante ipsum primis in faucibus orci luctus<\/p>\n<\/div><\/div>\n<\/div>\n\n<div class=\"et_pb_column_3 et_pb_column et_pb_column_1_2 et-last-child et_block_column et_pb_css_mix_blend_mode_passthrough\">\n<div class=\"et_pb_text_2 et_pb_text et_pb_bg_layout_light et_pb_module et_block_module\"><div class=\"et_pb_text_inner\"><p><a href=\"#\">support@divihosting.com<\/a><\/p>\n<\/div><\/div>\n\n<div class=\"et_pb_module et_pb_button_module_wrapper et_pb_button_0_wrapper\"><a class=\"et_pb_button_0 et_pb_button et_pb_bg_layout_dark et_pb_module et_block_module\" href=\"\">Open a Ticket<\/a><\/div>\n\n<div class=\"et_pb_text_3 et_pb_text et_pb_bg_layout_light et_pb_module et_block_module\"><div class=\"et_pb_text_inner\"><h3>Call: (236) 875-4633<\/h3>\n<\/div><\/div>\n<\/div>\n<\/div>\n<\/div>\n\n<div class=\"et_pb_section_2 et_pb_section et_section_regular et_block_section\">\n<div class=\"et_pb_row_1 et_pb_row et_block_row\">\n<div class=\"et_pb_column_4 et_pb_column et_pb_column_4_4 et-last-child et_block_column et_pb_css_mix_blend_mode_passthrough\">\n<div class=\"et_pb_map_0 et_pb_map_container et_animated et_pb_module et_flex_module\" data-grayscale=\"\"><div class=\"et_pb_map\" data-center-lat=\"37.7749295\" data-center-lng=\"-122.4194155\" data-zoom=\"18\" data-mouse-wheel=\"off\" data-mobile-dragging=\"on\"><\/div>\n<div class=\"et_pb_map_pin_0 et_pb_map_pin\" data-lat=\"37.7749295\" data-lng=\"-122.4194155\" data-title=\"\"><\/div>\n<\/div>\n<\/div>\n<\/div>\n<\/div>\n\n<div class=\"et_pb_section_3 et_pb_section et_section_regular et_block_section\">\n<div class=\"et_pb_row_2 et_pb_row et_block_row\">\n<div class=\"et_pb_column_5 et_pb_column et_pb_column_4_4 et-last-child et_block_column et_pb_css_mix_blend_mode_passthrough\">\n<div class=\"et_pb_text_4 et_pb_text et_pb_bg_layout_light et_pb_module et_block_module et_pb_text_align_center\"><div class=\"et_pb_text_inner\"><h2>F.A.Q.<\/h2>\n<h3>Frequently Asked Questions<\/h3>\n<\/div><\/div>\n<\/div>\n<\/div>\n\n<div class=\"et_pb_row_3 et_pb_row et_block_row\">\n<div class=\"et_pb_column_6 et_pb_column et_pb_column_1_2 et_block_column et_pb_css_mix_blend_mode_passthrough\">\n<div class=\"et_pb_toggle_0 et_pb_toggle et_pb_toggle_item et_pb_toggle_close et_pb_module et_block_module\"><h5 class=\"et_pb_toggle_title\">Pellentesque in ipsum id orci porta dapibus?<\/h5><div class=\"et_pb_toggle_content clearfix\"><p>Praesent sapien massa, convallis a pellentesque nec, egestas non nisi. Mauris blandit aliquet elit, eget tincidunt nibh pulvinar a. Curabitur arcu erat, accumsan id imperdiet et, porttitor at sem. Sed porttitor lectus nibh. Donec rutrum congue leo eget malesuada. Nulla porttitor accumsan tincidunt.<\/p>\n<\/div><\/div>\n\n<div class=\"et_pb_toggle_1 et_pb_toggle et_pb_toggle_item et_pb_toggle_close et_pb_module et_block_module\"><h5 class=\"et_pb_toggle_title\">Vivamus suscipit tortor eget felis porttitor volutpat?<\/h5><div class=\"et_pb_toggle_content clearfix\"><p>Praesent sapien massa, convallis a pellentesque nec, egestas non nisi. Mauris blandit aliquet elit, eget tincidunt nibh pulvinar a. Curabitur arcu erat, accumsan id imperdiet et, porttitor at sem. Sed porttitor lectus nibh. Donec rutrum congue leo eget malesuada. Nulla porttitor accumsan tincidunt.<\/p>\n<\/div><\/div>\n\n<div class=\"et_pb_toggle_2 et_pb_toggle et_pb_toggle_item et_pb_toggle_close et_pb_module et_block_module\"><h5 class=\"et_pb_toggle_title\">Mauris blandit aliquet elit, eget tincidunt nibh pulvinar a?<\/h5><div class=\"et_pb_toggle_content clearfix\"><p>Praesent sapien massa, convallis a pellentesque nec, egestas non nisi. Mauris blandit aliquet elit, eget tincidunt nibh pulvinar a. Curabitur arcu erat, accumsan id imperdiet et, porttitor at sem. Sed porttitor lectus nibh. Donec rutrum congue leo eget malesuada. Nulla porttitor accumsan tincidunt.<\/p>\n<\/div><\/div>\n\n<div class=\"et_pb_toggle_3 et_pb_toggle et_pb_toggle_item et_pb_toggle_close et_pb_module et_block_module\"><h5 class=\"et_pb_toggle_title\">Quisque velit nisi, pretium ut lacinia in, elementum id enim?<\/h5><div class=\"et_pb_toggle_content clearfix\"><p>Praesent sapien massa, convallis a pellentesque nec, egestas non nisi. Mauris blandit aliquet elit, eget tincidunt nibh pulvinar a. Curabitur arcu erat, accumsan id imperdiet et, porttitor at sem. Sed porttitor lectus nibh. Donec rutrum congue leo eget malesuada. Nulla porttitor accumsan tincidunt.<\/p>\n<\/div><\/div>\n\n<div class=\"et_pb_toggle_4 et_pb_toggle et_pb_toggle_item et_pb_toggle_close et_pb_module et_block_module\"><h5 class=\"et_pb_toggle_title\">Cras ultricies ligula sed magna dictum porta?<\/h5><div class=\"et_pb_toggle_content clearfix\"><p>Praesent sapien massa, convallis a pellentesque nec, egestas non nisi. Mauris blandit aliquet elit, eget tincidunt nibh pulvinar a. Curabitur arcu erat, accumsan id imperdiet et, porttitor at sem. Sed porttitor lectus nibh. Donec rutrum congue leo eget malesuada. Nulla porttitor accumsan tincidunt.<\/p>\n<\/div><\/div>\n\n<div class=\"et_pb_toggle_5 et_pb_toggle et_pb_toggle_item et_pb_toggle_close et_pb_module et_block_module\"><h5 class=\"et_pb_toggle_title\">Pellentesque in ipsum id orci porta dapibus?<\/h5><div class=\"et_pb_toggle_content clearfix\"><p>Praesent sapien massa, convallis a pellentesque nec, egestas non nisi. Mauris blandit aliquet elit, eget tincidunt nibh pulvinar a. Curabitur arcu erat, accumsan id imperdiet et, porttitor at sem. Sed porttitor lectus nibh. Donec rutrum congue leo eget malesuada. Nulla porttitor accumsan tincidunt.<\/p>\n<\/div><\/div>\n<\/div>\n\n<div class=\"et_pb_column_7 et_pb_column et_pb_column_1_2 et-last-child et_block_column et_pb_css_mix_blend_mode_passthrough\">\n<div class=\"et_pb_toggle_6 et_pb_toggle et_pb_toggle_item et_pb_toggle_close et_pb_module et_block_module\"><h5 class=\"et_pb_toggle_title\">Vivamus suscipit tortor eget felis porttitor volutpat?<\/h5><div class=\"et_pb_toggle_content clearfix\"><p>Praesent sapien massa, convallis a pellentesque nec, egestas non nisi. Mauris blandit aliquet elit, eget tincidunt nibh pulvinar a. Curabitur arcu erat, accumsan id imperdiet et, porttitor at sem. Sed porttitor lectus nibh. Donec rutrum congue leo eget malesuada. Nulla porttitor accumsan tincidunt.<\/p>\n<\/div><\/div>\n\n<div class=\"et_pb_toggle_7 et_pb_toggle et_pb_toggle_item et_pb_toggle_close et_pb_module et_block_module\"><h5 class=\"et_pb_toggle_title\">Mauris blandit aliquet elit, eget tincidunt nibh pulvinar a?<\/h5><div class=\"et_pb_toggle_content clearfix\"><p>Praesent sapien massa, convallis a pellentesque nec, egestas non nisi. Mauris blandit aliquet elit, eget tincidunt nibh pulvinar a. Curabitur arcu erat, accumsan id imperdiet et, porttitor at sem. Sed porttitor lectus nibh. Donec rutrum congue leo eget malesuada. Nulla porttitor accumsan tincidunt.<\/p>\n<\/div><\/div>\n\n<div class=\"et_pb_toggle_8 et_pb_toggle et_pb_toggle_item et_pb_toggle_close et_pb_module et_block_module\"><h5 class=\"et_pb_toggle_title\">Cras ultricies ligula sed magna dictum porta?<\/h5><div class=\"et_pb_toggle_content clearfix\"><p>Praesent sapien massa, convallis a pellentesque nec, egestas non nisi. Mauris blandit aliquet elit, eget tincidunt nibh pulvinar a. Curabitur arcu erat, accumsan id imperdiet et, porttitor at sem. Sed porttitor lectus nibh. Donec rutrum congue leo eget malesuada. Nulla porttitor accumsan tincidunt.<\/p>\n<\/div><\/div>\n\n<div class=\"et_pb_toggle_9 et_pb_toggle et_pb_toggle_item et_pb_toggle_close et_pb_module et_block_module\"><h5 class=\"et_pb_toggle_title\">Pellentesque in ipsum id orci porta dapibus?<\/h5><div class=\"et_pb_toggle_content clearfix\"><p>Praesent sapien massa, convallis a pellentesque nec, egestas non nisi. Mauris blandit aliquet elit, eget tincidunt nibh pulvinar a. Curabitur arcu erat, accumsan id imperdiet et, porttitor at sem. Sed porttitor lectus nibh. Donec rutrum congue leo eget malesuada. Nulla porttitor accumsan tincidunt.<\/p>\n<\/div><\/div>\n\n<div class=\"et_pb_toggle_10 et_pb_toggle et_pb_toggle_item et_pb_toggle_close et_pb_module et_block_module\"><h5 class=\"et_pb_toggle_title\">Vivamus suscipit tortor eget felis porttitor volutpat?<\/h5><div class=\"et_pb_toggle_content clearfix\"><p>Praesent sapien massa, convallis a pellentesque nec, egestas non nisi. Mauris blandit aliquet elit, eget tincidunt nibh pulvinar a. Curabitur arcu erat, accumsan id imperdiet et, porttitor at sem. Sed porttitor lectus nibh. Donec rutrum congue leo eget malesuada. Nulla porttitor accumsan tincidunt.<\/p>\n<\/div><\/div>\n\n<div class=\"et_pb_toggle_11 et_pb_toggle et_pb_toggle_item et_pb_toggle_close et_pb_module et_block_module\"><h5 class=\"et_pb_toggle_title\">Pellentesque in ipsum id orci porta dapibus?<\/h5><div class=\"et_pb_toggle_content clearfix\"><p>Praesent sapien massa, convallis a pellentesque nec, egestas non nisi. Mauris blandit aliquet elit, eget tincidunt nibh pulvinar a. Curabitur arcu erat, accumsan id imperdiet et, porttitor at sem. Sed porttitor lectus nibh. Donec rutrum congue leo eget malesuada. Nulla porttitor accumsan tincidunt.<\/p>\n<\/div><\/div>\n<\/div>\n<\/div>\n\n<div class=\"et_pb_row_4 et_pb_row et_block_row\">\n<div class=\"et_pb_column_8 et_pb_column et_pb_column_4_4 et-last-child et_block_column et_pb_css_mix_blend_mode_passthrough\">\n<div class=\"et_pb_module et_pb_button_module_wrapper et_pb_button_1_wrapper\"><a class=\"et_pb_button_1 et_pb_button et_pb_bg_layout_dark et_pb_module et_block_module\" href=\"\">Ask A Question<\/a><\/div>\n<\/div>\n<\/div>\n<\/div>\n\n<div class=\"et_pb_section_4 et_pb_section et_section_regular et_block_section\">\n<div class=\"et_pb_row_5 et_pb_row et_block_row\">\n<div class=\"et_pb_column_9 et_pb_column et_pb_column_4_4 et-last-child et_block_column et_pb_css_mix_blend_mode_passthrough\">\n<div class=\"et_pb_text_5 et_pb_text et_pb_bg_layout_light et_pb_module et_block_module et_pb_text_align_center\"><div class=\"et_pb_text_inner\"><h3>Satisfaction Guaranteed<\/h3>\n<\/div><\/div>\n<\/div>\n<\/div>\n\n<div class=\"et_pb_row_6 et_pb_row et_block_row\">\n<div class=\"et_pb_column_10 et_pb_column et_pb_column_1_2 et_block_column et_pb_css_mix_blend_mode_passthrough\">\n<div class=\"et_pb_cta_0 et_pb_promo et_pb_bg_layout_dark et_animated et_pb_module et_block_module\"><div class=\"et_pb_promo_description\"><h2 class=\"et_pb_module_header\">24\/7 Award Winning Support<\/h2><div class=\"et_pb_promo_content\"><p>Donec rutrum congue leo eget malesuada. Nulla porttitor accumsan tincidunt. Nulla quis lorem ut libero malesuada feugiat. Donec sollicitudin molestie malesuada.<\/p>\n<\/div><\/div><div class=\"et_pb_button_wrapper\"><a class=\"et_pb_button et_pb_promo_button\" href=\"#\">Contact Us<\/a><\/div><\/div>\n<\/div>\n\n<div class=\"et_pb_column_11 et_pb_column et_pb_column_1_2 et-last-child et_block_column et_pb_css_mix_blend_mode_passthrough\">\n<div class=\"et_pb_cta_1 et_pb_promo et_pb_bg_layout_dark et_animated et_pb_module et_block_module\"><div class=\"et_pb_promo_description\"><h2 class=\"et_pb_module_header\">30 Day Money Back Guarantee<\/h2><div class=\"et_pb_promo_content\"><p>Donec rutrum congue leo eget malesuada. Nulla porttitor accumsan tincidunt. Nulla quis lorem ut libero malesuada feugiat. Donec sollicitudin molestie malesuada.<\/p>\n<\/div><\/div><div class=\"et_pb_button_wrapper\"><a class=\"et_pb_button et_pb_promo_button\" href=\"#\">Learn More<\/a><\/div><\/div>\n<\/div>\n<\/div>\n<\/div>\n\n<div class=\"et_pb_section_5 et_pb_section et_section_regular et_block_section et_animated\">\n<div class=\"et_pb_row_7 et_pb_row et_block_row\">\n<div class=\"et_pb_column_12 et_pb_column et_pb_column_4_4 et-last-child et_block_column et_pb_css_mix_blend_mode_passthrough\">\n<div class=\"et_pb_text_6 et_pb_text et_pb_bg_layout_dark et_pb_module et_block_module et_pb_text_align_center\"><div class=\"et_pb_text_inner\"><h2><b>Simplifiez la pr\u00e9paration de vos paies<\/b><\/h2>\n<p>FlowPay accompagne les gestionnaires de paie en simplifiant la pr\u00e9paration des \u00e9l\u00e9ments variables et le traitement des informations n\u00e9cessaires \u00e0 l\u2019\u00e9tablissement des bulletins.<\/p>\n<\/div><\/div>\n<\/div>\n<\/div>\n<\/div>","protected":false},"excerpt":{"rendered":"","protected":false},"author":2,"featured_media":0,"parent":0,"menu_order":0,"comment_status":"closed","ping_status":"closed","template":"","meta":{"footnotes":""},"class_list":["post-150","page","type-page","status-publish","hentry"],"_links":{"self":[{"href":"https:\/\/flowpaie.fr\/index.php\/wp-json\/wp\/v2\/pages\/150","targetHints":{"allow":["GET"]}}],"collection":[{"href":"https:\/\/flowpaie.fr\/index.php\/wp-json\/wp\/v2\/pages"}],"about":[{"href":"https:\/\/flowpaie.fr\/index.php\/wp-json\/wp\/v2\/types\/page"}],"author":[{"embeddable":true,"href":"https:\/\/flowpaie.fr\/index.php\/wp-json\/wp\/v2\/users\/2"}],"replies":[{"embeddable":true,"href":"https:\/\/flowpaie.fr\/index.php\/wp-json\/wp\/v2\/comments?post=150"}],"version-history":[{"count":5,"href":"https:\/\/flowpaie.fr\/index.php\/wp-json\/wp\/v2\/pages\/150\/revisions"}],"predecessor-version":[{"id":161,"href":"https:\/\/flowpaie.fr\/index.php\/wp-json\/wp\/v2\/pages\/150\/revisions\/161"}],"wp:attachment":[{"href":"https:\/\/flowpaie.fr\/index.php\/wp-json\/wp\/v2\/media?parent=150"}],"curies":[{"name":"wp","href":"https:\/\/api.w.org\/{rel}","templated":true}]}}